{"id":21,"date":"2025-07-23T10:38:24","date_gmt":"2025-07-23T08:38:24","guid":{"rendered":"https:\/\/hautnah-a-z.de\/?page_id=21"},"modified":"2025-07-23T10:38:24","modified_gmt":"2025-07-23T08:38:24","slug":"gesichtsbehandlungen","status":"publish","type":"page","link":"https:\/\/hautnah-a-z.de\/?page_id=21","title":{"rendered":"Kosmetik"},"content":{"rendered":"\n<p>Anti-Aging Deluxe \u2013\u00a0die effektive Anti-Aging BehandlungDurchfeuchtete, aufgepolsterte und glatte Haut dank zwei Masken, Massage, Anti-Aging-Cocktail- f\u00fcr pralles Wohlgef\u00fchl. 90 Min. 129 \u20ac<\/p>\n\n\n\n<p>Kleine Auszeit \u2013 in kurzer Zeit strahlend sch\u00f6nIntensiver Wirkstoffcocktail mit Power Maske bringen sofort sichtbar mehr Energie in Ihre Haut.                                              40 Min. 39 \u20ac<\/p>\n\n\n\n<p>Rundum Sch\u00f6n \u2013 das wirkungsvolle Sch\u00f6nheitspaket f\u00fcr mehr AusstrahlungMit Ausreinigung, Augenbrauenkorrektur und Massage mit individuellen Pflegestoffen werden die Depots Ihrer Haut aufgef\u00fcllt. Die Haut wird zart und wie neu geboren.                                                         90 Min. 89 \u20ac<\/p>\n\n\n\n<p>Hautnah in Balance \u2013 f\u00fcr ein frisches &amp; wohliges Hautgef\u00fchlEntweder als Reinigungsbehandlung mit professioneller Ausreinigung oder als gen\u00fcssliche Verw\u00f6hnbehandlung. St\u00e4rkt die\u00a0nat\u00fcrlichen Hautfunktionen und bringt die Haut in ihr Gleichgewicht.60 Min. 58\u20ac    \/     Clean &amp; Go bis 25 Jahre 48 \u20ac<\/p>\n\n\n\n<p><\/p>\n\n\n\n<p><\/p>\n","protected":false},"excerpt":{"rendered":"<p>Anti-Aging Deluxe \u2013\u00a0die effektive Anti-Aging BehandlungDurchfeuchtete, aufgepolsterte und glatte Haut dank zwei Masken, Massage, Anti-Aging-Cocktail- f\u00fcr pralles Wohlgef\u00fchl. 90 Min. 129 \u20ac Kleine Auszeit \u2013 in kurzer Zeit strahlend sch\u00f6nIntensiver &hellip; <\/p>\n<p class=\"link-more\"><a href=\"https:\/\/hautnah-a-z.de\/?page_id=21\" class=\"more-link\"><span class=\"screen-reader-text\">\u201eKosmetik\u201c<\/span> weiterlesen<\/a><\/p>\n","protected":false},"author":2,"featured_media":0,"parent":0,"menu_order":0,"comment_status":"closed","ping_status":"closed","template":"","meta":{"footnotes":""},"class_list":["post-21","page","type-page","status-publish","hentry"],"_links":{"self":[{"href":"https:\/\/hautnah-a-z.de\/index.php?rest_route=\/wp\/v2\/pages\/21","targetHints":{"allow":["GET"]}}],"collection":[{"href":"https:\/\/hautnah-a-z.de\/index.php?rest_route=\/wp\/v2\/pages"}],"about":[{"href":"https:\/\/hautnah-a-z.de\/index.php?rest_route=\/wp\/v2\/types\/page"}],"author":[{"embeddable":true,"href":"https:\/\/hautnah-a-z.de\/index.php?rest_route=\/wp\/v2\/users\/2"}],"replies":[{"embeddable":true,"href":"https:\/\/hautnah-a-z.de\/index.php?rest_route=%2Fwp%2Fv2%2Fcomments&post=21"}],"version-history":[{"count":1,"href":"https:\/\/hautnah-a-z.de\/index.php?rest_route=\/wp\/v2\/pages\/21\/revisions"}],"predecessor-version":[{"id":28,"href":"https:\/\/hautnah-a-z.de\/index.php?rest_route=\/wp\/v2\/pages\/21\/revisions\/28"}],"wp:attachment":[{"href":"https:\/\/hautnah-a-z.de\/index.php?rest_route=%2Fwp%2Fv2%2Fmedia&parent=21"}],"curies":[{"name":"wp","href":"https:\/\/api.w.org\/{rel}","templated":true}]}}