{"id":22,"date":"2025-07-23T10:38:11","date_gmt":"2025-07-23T08:38:11","guid":{"rendered":"https:\/\/hautnah-a-z.de\/?page_id=22"},"modified":"2025-07-23T10:38:11","modified_gmt":"2025-07-23T08:38:11","slug":"fusspflege","status":"publish","type":"page","link":"https:\/\/hautnah-a-z.de\/?page_id=22","title":{"rendered":"Hand- und Fu\u00dfpflege"},"content":{"rendered":"\n<p>Pedik\u00fcre\u00a0f\u00fcr sch\u00f6ne und gepflegte F\u00fc\u00dfeFu\u00dfbad, Nagelpflege (N\u00e4gel k\u00fcrzen, Nagelhaut &amp; Nagelpflege), Hornhaut entfernen und wohltuende Fu\u00dfmassage                                                            28 \u20ac<\/p>\n\n\n\n<p>Manik\u00fcre f\u00fcr gepflegte H\u00e4nde &amp; N\u00e4gelHandpeeling,\u00a0Nagelpflege (Feilen &amp; Nagelhaut)und Massage mit sch\u00fctzender Handcreme                                        26 \u20ac<\/p>\n\n\n\n<p><\/p>\n\n\n\n<p><\/p>\n","protected":false},"excerpt":{"rendered":"<p>Pedik\u00fcre\u00a0f\u00fcr sch\u00f6ne und gepflegte F\u00fc\u00dfeFu\u00dfbad, Nagelpflege (N\u00e4gel k\u00fcrzen, Nagelhaut &amp; Nagelpflege), Hornhaut entfernen und wohltuende Fu\u00dfmassage 28 \u20ac Manik\u00fcre f\u00fcr gepflegte H\u00e4nde &amp; N\u00e4gelHandpeeling,\u00a0Nagelpflege (Feilen &amp; Nagelhaut)und Massage mit sch\u00fctzender &hellip; <\/p>\n<p class=\"link-more\"><a href=\"https:\/\/hautnah-a-z.de\/?page_id=22\" class=\"more-link\"><span class=\"screen-reader-text\">\u201eHand- und Fu\u00dfpflege\u201c<\/span> weiterlesen<\/a><\/p>\n","protected":false},"author":2,"featured_media":0,"parent":0,"menu_order":0,"comment_status":"closed","ping_status":"closed","template":"","meta":{"footnotes":""},"class_list":["post-22","page","type-page","status-publish","hentry"],"_links":{"self":[{"href":"https:\/\/hautnah-a-z.de\/index.php?rest_route=\/wp\/v2\/pages\/22","targetHints":{"allow":["GET"]}}],"collection":[{"href":"https:\/\/hautnah-a-z.de\/index.php?rest_route=\/wp\/v2\/pages"}],"about":[{"href":"https:\/\/hautnah-a-z.de\/index.php?rest_route=\/wp\/v2\/types\/page"}],"author":[{"embeddable":true,"href":"https:\/\/hautnah-a-z.de\/index.php?rest_route=\/wp\/v2\/users\/2"}],"replies":[{"embeddable":true,"href":"https:\/\/hautnah-a-z.de\/index.php?rest_route=%2Fwp%2Fv2%2Fcomments&post=22"}],"version-history":[{"count":3,"href":"https:\/\/hautnah-a-z.de\/index.php?rest_route=\/wp\/v2\/pages\/22\/revisions"}],"predecessor-version":[{"id":32,"href":"https:\/\/hautnah-a-z.de\/index.php?rest_route=\/wp\/v2\/pages\/22\/revisions\/32"}],"wp:attachment":[{"href":"https:\/\/hautnah-a-z.de\/index.php?rest_route=%2Fwp%2Fv2%2Fmedia&parent=22"}],"curies":[{"name":"wp","href":"https:\/\/api.w.org\/{rel}","templated":true}]}}