{"id":24,"date":"2025-07-23T10:38:31","date_gmt":"2025-07-23T08:38:31","guid":{"rendered":"https:\/\/hautnah-a-z.de\/?page_id=24"},"modified":"2025-07-23T10:38:31","modified_gmt":"2025-07-23T08:38:31","slug":"massagen","status":"publish","type":"page","link":"https:\/\/hautnah-a-z.de\/?page_id=24","title":{"rendered":"Massagen"},"content":{"rendered":"\n<p><strong>Fu\u00dfreflexzonen Massage<\/strong><\/p>\n\n\n\n<p>Die Stimulierung der einzelnen Organe regt die Selbstheilungskr\u00e4fte an und unterst\u00fctzt den gesamten Organismus. Ein allgemein wohliges Gef\u00fchl stellt sich ein.<\/p>\n\n\n\n<p>Massage mit Fu\u00dfbad 45 Min. 52 \u20ac<\/p>\n\n\n\n<p>Aroma\u00f6lmassagen\u00a0Wohltuende Massage in Kombination mit auserw\u00e4hlten Aroma\u00f6len.Ganzk\u00f6rpermassage\u00a0              60 Min. 56 \u20acTeilk\u00f6rpermassage\u00a0                30 Min. 26 \u20ac&#8230; als Erg\u00e4nzung eine hei\u00dfe Rolle        10 \u20ac<\/p>\n\n\n\n<p><\/p>\n","protected":false},"excerpt":{"rendered":"<p>Fu\u00dfreflexzonen Massage Die Stimulierung der einzelnen Organe regt die Selbstheilungskr\u00e4fte an und unterst\u00fctzt den gesamten Organismus. Ein allgemein wohliges Gef\u00fchl stellt sich ein. Massage mit Fu\u00dfbad 45 Min. 52 \u20ac &hellip; <\/p>\n<p class=\"link-more\"><a href=\"https:\/\/hautnah-a-z.de\/?page_id=24\" class=\"more-link\"><span class=\"screen-reader-text\">\u201eMassagen\u201c<\/span> weiterlesen<\/a><\/p>\n","protected":false},"author":2,"featured_media":0,"parent":0,"menu_order":0,"comment_status":"closed","ping_status":"closed","template":"","meta":{"footnotes":""},"class_list":["post-24","page","type-page","status-publish","hentry"],"_links":{"self":[{"href":"https:\/\/hautnah-a-z.de\/index.php?rest_route=\/wp\/v2\/pages\/24","targetHints":{"allow":["GET"]}}],"collection":[{"href":"https:\/\/hautnah-a-z.de\/index.php?rest_route=\/wp\/v2\/pages"}],"about":[{"href":"https:\/\/hautnah-a-z.de\/index.php?rest_route=\/wp\/v2\/types\/page"}],"author":[{"embeddable":true,"href":"https:\/\/hautnah-a-z.de\/index.php?rest_route=\/wp\/v2\/users\/2"}],"replies":[{"embeddable":true,"href":"https:\/\/hautnah-a-z.de\/index.php?rest_route=%2Fwp%2Fv2%2Fcomments&post=24"}],"version-history":[{"count":2,"href":"https:\/\/hautnah-a-z.de\/index.php?rest_route=\/wp\/v2\/pages\/24\/revisions"}],"predecessor-version":[{"id":30,"href":"https:\/\/hautnah-a-z.de\/index.php?rest_route=\/wp\/v2\/pages\/24\/revisions\/30"}],"wp:attachment":[{"href":"https:\/\/hautnah-a-z.de\/index.php?rest_route=%2Fwp%2Fv2%2Fmedia&parent=24"}],"curies":[{"name":"wp","href":"https:\/\/api.w.org\/{rel}","templated":true}]}}